{"id":720,"date":"2024-02-05T21:39:07","date_gmt":"2024-02-05T21:39:07","guid":{"rendered":"https:\/\/sexshop.bagatela.com.hr\/wp\/?post_type=product&#038;p=720"},"modified":"2024-02-05T21:39:08","modified_gmt":"2024-02-05T21:39:08","slug":"vibrating-easy-strapon-set-7-5","status":"publish","type":"product","link":"https:\/\/sexshop.bagatela.com.hr\/wp\/product\/vibrating-easy-strapon-set-7-5\/","title":{"rendered":"Vibrating Easy Strapon Set 7.5\u201d"},"content":{"rendered":"","protected":false},"excerpt":{"rendered":"<p>Dupli \u0161uplji dildo sa remenjem za vezanje, za \u017eene i mu\u0161karce.<\/p>\n<p>Boja; boja ko\u017ee<br \/>\nMaterijal; TPE<br \/>\nDuljina; 19 cm<br \/>\nPenetracijska duljina; cca 17,5 cm<br \/>\nPromjer; 5 cm<br \/>\nDodatne zna\u010dajke; vodootpornost, vibracija, daljinski, vakuumska kapica<br \/>\nProizvo\u0111a\u010d; Lovetoy<\/p>\n","protected":false},"featured_media":721,"template":"","meta":[],"product_cat":[30,41,42],"product_tag":[],"class_list":{"0":"post-720","1":"product","2":"type-product","3":"status-publish","4":"has-post-thumbnail","6":"product_cat-igracke-za-odrasle","7":"product_cat-strap-on","8":"product_cat-za-muskarce","10":"first","11":"instock","12":"shipping-taxable","13":"purchasable","14":"product-type-simple"},"_links":{"self":[{"href":"https:\/\/sexshop.bagatela.com.hr\/wp\/wp-json\/wp\/v2\/product\/720","targetHints":{"allow":["GET"]}}],"collection":[{"href":"https:\/\/sexshop.bagatela.com.hr\/wp\/wp-json\/wp\/v2\/product"}],"about":[{"href":"https:\/\/sexshop.bagatela.com.hr\/wp\/wp-json\/wp\/v2\/types\/product"}],"wp:featuredmedia":[{"embeddable":true,"href":"https:\/\/sexshop.bagatela.com.hr\/wp\/wp-json\/wp\/v2\/media\/721"}],"wp:attachment":[{"href":"https:\/\/sexshop.bagatela.com.hr\/wp\/wp-json\/wp\/v2\/media?parent=720"}],"wp:term":[{"taxonomy":"product_cat","embeddable":true,"href":"https:\/\/sexshop.bagatela.com.hr\/wp\/wp-json\/wp\/v2\/product_cat?post=720"},{"taxonomy":"product_tag","embeddable":true,"href":"https:\/\/sexshop.bagatela.com.hr\/wp\/wp-json\/wp\/v2\/product_tag?post=720"}],"curies":[{"name":"wp","href":"https:\/\/api.w.org\/{rel}","templated":true}]}}