{"id":454,"date":"2024-02-04T20:18:17","date_gmt":"2024-02-04T20:18:17","guid":{"rendered":"https:\/\/sexshop.bagatela.com.hr\/wp\/?post_type=product&#038;p=454"},"modified":"2024-02-04T20:22:06","modified_gmt":"2024-02-04T20:22:06","slug":"8-5-the-ultra-soft-dude","status":"publish","type":"product","link":"https:\/\/sexshop.bagatela.com.hr\/wp\/product\/8-5-the-ultra-soft-dude\/","title":{"rendered":"8.5\u201d The Ultra Soft Dude"},"content":{"rendered":"","protected":false},"excerpt":{"rendered":"<p>Realisti\u010dni mekani dildo du\u017eine 21 cm s prianjaju\u0107im postoljem<\/p>\n<p>Ukupna duljina: 21 cm<br \/>\nPenetracijska duljina: 17 cm<br \/>\nPromjer: 4,5 cm<br \/>\nMaterijal: TPE\/TPR<br \/>\nProizvo\u0111a\u010d; Lovetoy<\/p>\n<p>SKU; LVTOY00111<\/p>\n","protected":false},"featured_media":455,"template":"","meta":[],"product_cat":[36,30,37],"product_tag":[],"class_list":{"0":"post-454","1":"product","2":"type-product","3":"status-publish","4":"has-post-thumbnail","6":"product_cat-dildo","7":"product_cat-igracke-za-odrasle","8":"product_cat-realisticni","10":"first","11":"instock","12":"shipping-taxable","13":"purchasable","14":"product-type-simple"},"_links":{"self":[{"href":"https:\/\/sexshop.bagatela.com.hr\/wp\/wp-json\/wp\/v2\/product\/454","targetHints":{"allow":["GET"]}}],"collection":[{"href":"https:\/\/sexshop.bagatela.com.hr\/wp\/wp-json\/wp\/v2\/product"}],"about":[{"href":"https:\/\/sexshop.bagatela.com.hr\/wp\/wp-json\/wp\/v2\/types\/product"}],"wp:featuredmedia":[{"embeddable":true,"href":"https:\/\/sexshop.bagatela.com.hr\/wp\/wp-json\/wp\/v2\/media\/455"}],"wp:attachment":[{"href":"https:\/\/sexshop.bagatela.com.hr\/wp\/wp-json\/wp\/v2\/media?parent=454"}],"wp:term":[{"taxonomy":"product_cat","embeddable":true,"href":"https:\/\/sexshop.bagatela.com.hr\/wp\/wp-json\/wp\/v2\/product_cat?post=454"},{"taxonomy":"product_tag","embeddable":true,"href":"https:\/\/sexshop.bagatela.com.hr\/wp\/wp-json\/wp\/v2\/product_tag?post=454"}],"curies":[{"name":"wp","href":"https:\/\/api.w.org\/{rel}","templated":true}]}}