{"id":1739,"date":"2024-02-24T22:10:20","date_gmt":"2024-02-24T22:10:20","guid":{"rendered":"https:\/\/sexshop.bagatela.com.hr\/wp\/?post_type=product&#038;p=1739"},"modified":"2024-02-24T22:10:20","modified_gmt":"2024-02-24T22:10:20","slug":"my-size-69","status":"publish","type":"product","link":"https:\/\/sexshop.bagatela.com.hr\/wp\/product\/my-size-69\/","title":{"rendered":"My Size 69"},"content":{"rendered":"","protected":false},"excerpt":{"rendered":"<p>Pakiranje od 10 XXL kondoma.<\/p>\n<p>Materijal; latex<br \/>\nBoja; prozirni<br \/>\nVeli\u010dina; \u0161irina 69 mm,  du\u017eina 22,5 cm<br \/>\nZna\u010dajke; neutralni lubrikant na bazi silikona,  sa rezervoarom<br \/>\nPakiranje; 10 komada<br \/>\nMedicinski ispitani<br \/>\nProizvo\u0111a\u010d; My Size<\/p>\n<p>SKU; mysize6910<\/p>\n","protected":false},"featured_media":1740,"template":"","meta":[],"product_cat":[77,68],"product_tag":[],"class_list":{"0":"post-1739","1":"product","2":"type-product","3":"status-publish","4":"has-post-thumbnail","6":"product_cat-kondomi","7":"product_cat-lubrikanti-stimulansi","9":"first","10":"instock","11":"shipping-taxable","12":"purchasable","13":"product-type-simple"},"_links":{"self":[{"href":"https:\/\/sexshop.bagatela.com.hr\/wp\/wp-json\/wp\/v2\/product\/1739","targetHints":{"allow":["GET"]}}],"collection":[{"href":"https:\/\/sexshop.bagatela.com.hr\/wp\/wp-json\/wp\/v2\/product"}],"about":[{"href":"https:\/\/sexshop.bagatela.com.hr\/wp\/wp-json\/wp\/v2\/types\/product"}],"wp:featuredmedia":[{"embeddable":true,"href":"https:\/\/sexshop.bagatela.com.hr\/wp\/wp-json\/wp\/v2\/media\/1740"}],"wp:attachment":[{"href":"https:\/\/sexshop.bagatela.com.hr\/wp\/wp-json\/wp\/v2\/media?parent=1739"}],"wp:term":[{"taxonomy":"product_cat","embeddable":true,"href":"https:\/\/sexshop.bagatela.com.hr\/wp\/wp-json\/wp\/v2\/product_cat?post=1739"},{"taxonomy":"product_tag","embeddable":true,"href":"https:\/\/sexshop.bagatela.com.hr\/wp\/wp-json\/wp\/v2\/product_tag?post=1739"}],"curies":[{"name":"wp","href":"https:\/\/api.w.org\/{rel}","templated":true}]}}