{"id":1696,"date":"2024-02-23T23:53:36","date_gmt":"2024-02-23T23:53:36","guid":{"rendered":"https:\/\/sexshop.bagatela.com.hr\/wp\/?post_type=product&#038;p=1696"},"modified":"2024-02-23T23:53:36","modified_gmt":"2024-02-23T23:53:36","slug":"all-purpose-toy-cleaner-without-alcohol-100-ml","status":"publish","type":"product","link":"https:\/\/sexshop.bagatela.com.hr\/wp\/product\/all-purpose-toy-cleaner-without-alcohol-100-ml\/","title":{"rendered":"All Purpose Toy Cleaner without Alcohol 100 ml"},"content":{"rendered":"","protected":false},"excerpt":{"rendered":"<p>Higijenski sprej za \u010di\u0161\u0107enje.<br \/>\nKoli\u010dina; 100 ml<br \/>\nDodatne zna\u010dajke; Bez alkohola<br \/>\nProizvo\u0111a\u010d; Eros<\/p>\n<p>SKU; MEGAR66100<\/p>\n","protected":false},"featured_media":1697,"template":"","meta":[],"product_cat":[68,75],"product_tag":[],"class_list":{"0":"post-1696","1":"product","2":"type-product","3":"status-publish","4":"has-post-thumbnail","6":"product_cat-lubrikanti-stimulansi","7":"product_cat-odrzavanje","9":"first","10":"instock","11":"shipping-taxable","12":"purchasable","13":"product-type-simple"},"_links":{"self":[{"href":"https:\/\/sexshop.bagatela.com.hr\/wp\/wp-json\/wp\/v2\/product\/1696","targetHints":{"allow":["GET"]}}],"collection":[{"href":"https:\/\/sexshop.bagatela.com.hr\/wp\/wp-json\/wp\/v2\/product"}],"about":[{"href":"https:\/\/sexshop.bagatela.com.hr\/wp\/wp-json\/wp\/v2\/types\/product"}],"wp:featuredmedia":[{"embeddable":true,"href":"https:\/\/sexshop.bagatela.com.hr\/wp\/wp-json\/wp\/v2\/media\/1697"}],"wp:attachment":[{"href":"https:\/\/sexshop.bagatela.com.hr\/wp\/wp-json\/wp\/v2\/media?parent=1696"}],"wp:term":[{"taxonomy":"product_cat","embeddable":true,"href":"https:\/\/sexshop.bagatela.com.hr\/wp\/wp-json\/wp\/v2\/product_cat?post=1696"},{"taxonomy":"product_tag","embeddable":true,"href":"https:\/\/sexshop.bagatela.com.hr\/wp\/wp-json\/wp\/v2\/product_tag?post=1696"}],"curies":[{"name":"wp","href":"https:\/\/api.w.org\/{rel}","templated":true}]}}