{"id":1422,"date":"2024-02-12T23:32:14","date_gmt":"2024-02-12T23:32:14","guid":{"rendered":"https:\/\/sexshop.bagatela.com.hr\/wp\/?post_type=product&#038;p=1422"},"modified":"2024-02-12T23:32:14","modified_gmt":"2024-02-12T23:32:14","slug":"softline-halteri-i-gacice","status":"publish","type":"product","link":"https:\/\/sexshop.bagatela.com.hr\/wp\/product\/softline-halteri-i-gacice\/","title":{"rendered":"Softline \u2013 halteri i ga\u0107ice"},"content":{"rendered":"","protected":false},"excerpt":{"rendered":"<p>\u010cipkasti halteri i tanga ga\u0107ice u veli\u010dini S\/M<\/p>\n<p>Boja; crna<br \/>\nMaterijal; 100% poliamid \u2013 sintetika<br \/>\nVeli\u010dina; S\/M<br \/>\nProizvo\u0111a\u010d; Softline<\/p>\n<p>SKU; SLC0331016<\/p>\n","protected":false},"featured_media":1423,"template":"","meta":[],"product_cat":[57,55],"product_tag":[],"class_list":{"0":"post-1422","1":"product","2":"type-product","3":"status-publish","4":"has-post-thumbnail","6":"product_cat-carape","7":"product_cat-sexy-rublje","9":"first","10":"instock","11":"shipping-taxable","12":"purchasable","13":"product-type-simple"},"_links":{"self":[{"href":"https:\/\/sexshop.bagatela.com.hr\/wp\/wp-json\/wp\/v2\/product\/1422","targetHints":{"allow":["GET"]}}],"collection":[{"href":"https:\/\/sexshop.bagatela.com.hr\/wp\/wp-json\/wp\/v2\/product"}],"about":[{"href":"https:\/\/sexshop.bagatela.com.hr\/wp\/wp-json\/wp\/v2\/types\/product"}],"wp:featuredmedia":[{"embeddable":true,"href":"https:\/\/sexshop.bagatela.com.hr\/wp\/wp-json\/wp\/v2\/media\/1423"}],"wp:attachment":[{"href":"https:\/\/sexshop.bagatela.com.hr\/wp\/wp-json\/wp\/v2\/media?parent=1422"}],"wp:term":[{"taxonomy":"product_cat","embeddable":true,"href":"https:\/\/sexshop.bagatela.com.hr\/wp\/wp-json\/wp\/v2\/product_cat?post=1422"},{"taxonomy":"product_tag","embeddable":true,"href":"https:\/\/sexshop.bagatela.com.hr\/wp\/wp-json\/wp\/v2\/product_tag?post=1422"}],"curies":[{"name":"wp","href":"https:\/\/api.w.org\/{rel}","templated":true}]}}